{"id":88,"date":"2013-03-09T16:17:39","date_gmt":"2013-03-09T15:17:39","guid":{"rendered":"http:\/\/diakonie-rodenbach.de\/?page_id=88"},"modified":"2018-10-08T12:30:39","modified_gmt":"2018-10-08T11:30:39","slug":"diakonie-cafe","status":"publish","type":"page","link":"http:\/\/diakonie-rodenbach.de\/?page_id=88","title":{"rendered":"Diakonie-Caf\u00e9"},"content":{"rendered":"<p><span style=\"font-family: trebuchet ms, geneva, sans-serif;\">Sie sind herzlich eingeladen!<\/span><\/p>\n<p><span style=\"color: #0088ff; font-family: trebuchet ms, geneva, sans-serif;\">Caf\u00e9 f\u00fcr pflegende Angeh\u00f6rige<\/span><\/p>\n<p><span style=\"font-family: trebuchet ms, geneva, sans-serif;\">Den Termin f\u00fcr das n\u00e4chste Caf\u00e9 werden wir rechtzeitig ver\u00f6ffentlichen.<\/span><br \/>\n<span style=\"font-family: trebuchet ms, geneva, sans-serif;\">Fahrdienst kann bei Bedarf angeboten werden.<\/span><\/p>\n<p><span style=\"font-family: trebuchet ms, geneva, sans-serif;\">Bitte melden Sie sich an unter Telefon<\/span><br \/>\n<span style=\"font-family: trebuchet ms, geneva, sans-serif;\">06184-56618 (Diakoniestation) oder<\/span><br \/>\n<span style=\"font-family: trebuchet ms, geneva, sans-serif;\">06184-52974 (Gemeindeb\u00fcro).<\/span><\/p>\n<p><span style=\"font-family: trebuchet ms, geneva, sans-serif;\">Wir freuen uns \u00fcber rege Teilnahme!<\/span><\/p>\n<p><span style=\"color: #0088ff; font-family: trebuchet ms, geneva, sans-serif;\">Sie pflegen einen Menschen zuhause?<\/span><\/p>\n<p><span style=\"font-family: trebuchet ms, geneva, sans-serif;\">Wir m\u00f6chten, dass Sie einmal abschalten, sich untereinander austauschen und Informationen erhalten. Wir haben f\u00fcr Ihre Probleme ein offenes Ohr.<\/span><\/p>\n<p><span style=\"font-family: trebuchet ms, geneva, sans-serif;\">Zu Themen, die von Ihnen gew\u00fcnscht werden, laden wir Referenten ein.<\/span><\/p>\n<p><span style=\"color: #0088ff; font-family: trebuchet ms, geneva, sans-serif;\">Wir beraten Sie gerne, auch wenn Sie die Pflege selbst leisten.<\/span><\/p>\n<p><span style=\"font-family: trebuchet ms, geneva, sans-serif;\">Infos unter (0 61 84) 5 66 18 oder schreiben Sie uns: <a title=\"eMail Diakoniestation Rodenbach\" href=\"mailto:diakoniestation@ekro.de\" target=\"_blank\" rel=\"noopener\">diakoniestation@ekro.de<\/a>.<\/span><\/p>\n","protected":false},"excerpt":{"rendered":"<p>Sie sind herzlich eingeladen! Caf\u00e9 f\u00fcr pflegende Angeh\u00f6rige Den Termin f\u00fcr das n\u00e4chste Caf\u00e9 werden wir rechtzeitig ver\u00f6ffentlichen. Fahrdienst kann bei Bedarf angeboten werden. Bitte melden Sie sich an unter Telefon 06184-56618 (Diakoniestation) oder 06184-52974 (Gemeindeb\u00fcro). Wir freuen uns \u00fcber &hellip;<\/p>\n<p class=\"read-more\"> <a class=\"more-link\" href=\"http:\/\/diakonie-rodenbach.de\/?page_id=88\"> <span class=\"screen-reader-text\">Diakonie-Caf\u00e9<\/span> Weiterlesen &raquo;<\/a><\/p>\n","protected":false},"author":1,"featured_media":0,"parent":0,"menu_order":0,"comment_status":"closed","ping_status":"closed","template":"","meta":{"footnotes":""},"class_list":["post-88","page","type-page","status-publish","hentry"],"_links":{"self":[{"href":"http:\/\/diakonie-rodenbach.de\/index.php?rest_route=\/wp\/v2\/pages\/88","targetHints":{"allow":["GET"]}}],"collection":[{"href":"http:\/\/diakonie-rodenbach.de\/index.php?rest_route=\/wp\/v2\/pages"}],"about":[{"href":"http:\/\/diakonie-rodenbach.de\/index.php?rest_route=\/wp\/v2\/types\/page"}],"author":[{"embeddable":true,"href":"http:\/\/diakonie-rodenbach.de\/index.php?rest_route=\/wp\/v2\/users\/1"}],"replies":[{"embeddable":true,"href":"http:\/\/diakonie-rodenbach.de\/index.php?rest_route=%2Fwp%2Fv2%2Fcomments&post=88"}],"version-history":[{"count":4,"href":"http:\/\/diakonie-rodenbach.de\/index.php?rest_route=\/wp\/v2\/pages\/88\/revisions"}],"predecessor-version":[{"id":354,"href":"http:\/\/diakonie-rodenbach.de\/index.php?rest_route=\/wp\/v2\/pages\/88\/revisions\/354"}],"wp:attachment":[{"href":"http:\/\/diakonie-rodenbach.de\/index.php?rest_route=%2Fwp%2Fv2%2Fmedia&parent=88"}],"curies":[{"name":"wp","href":"https:\/\/api.w.org\/{rel}","templated":true}]}}