{"id":86,"date":"2013-03-09T16:15:25","date_gmt":"2013-03-09T15:15:25","guid":{"rendered":"http:\/\/diakonie-rodenbach.de\/?page_id=86"},"modified":"2017-12-08T12:01:44","modified_gmt":"2017-12-08T11:01:44","slug":"weitere-hilfen","status":"publish","type":"page","link":"http:\/\/diakonie-rodenbach.de\/?page_id=86","title":{"rendered":"weitere Hilfen"},"content":{"rendered":"<p>Auch dort, wo wir selbst keine Leistungen anbieten k\u00f6nnen, helfen wir Ihnen gerne weiter:<\/p>\n<p><span style=\"color: #0088ff;\">Hilfsmittel<\/span><\/p>\n<p>Wir beraten Sie gerne, welche technische Hilfsmittel Ihnen bei der Pflege n\u00fctzlich sind oder Ihnen helfen, zuhause weiter selbst\u00e4ndig zu sein. In der Regel stellt die Pflegeversicherung Ihnen diese Hilfsmittel kostenlos zur Verf\u00fcgung.<\/p>\n<p><span style=\"color: #0088ff;\">Essen auf R\u00e4dern<\/span><\/p>\n<p>Wir vermitteln u.a. in Zusammenarbeit mit der Martin-Luther-Stiftung in Hanau &#8222;Essen auf R\u00e4dern&#8220;.<\/p>\n<p><span style=\"color: #0088ff;\">Hausnotrufsystem<\/span><\/p>\n<p>Wir informieren \u00fcber die M\u00f6glichkeiten des Systems und vermitteln gerne weiter.<\/p>\n<p><span style=\"color: #3366ff;\">Fahrdienste<\/span><\/p>\n<p>Leider k\u00f6nnen wir\u00a0 selbst keine Fahrdienste anbieten. Verschiedene Tr\u00e4ger in unserer Region bieten jedoch Fahrdienste an, um eine Teilhabe am gesellschaftlichen Leben oder Arzt- und Beh\u00f6rdenbesuche zu erm\u00f6glichen. Vorgehalten werden zum Teil Spezialfahrzeuge, die auch Personen im Rollstuhl nutzen k\u00f6nnen. \u00dcber Kostenbeteiligung und Verg\u00fcnstigungen informiert der jeweilige Fahrdienst.<\/p>\n<p>Eine Liste der Fahrdienste finden Sie auf der <a title=\"Liste der Fahrdienste im MKK\" href=\"https:\/\/www.mkk.de\/de\/mkk_de\/buergerservice\/lebenslagen_1\/behinderung_pflege_und_alter\/leitstelle_aeltere_buerger\/wegweiser_aeltere_buerger\/fahrdienste\/suche_altenberatung_21.html\" target=\"_blank\" rel=\"noopener\">Internet-Pr\u00e4senz der Leitstelle f\u00fcr \u00e4ltere Mitb\u00fcrger des Main-Kinzig-Kreises<\/a>.<\/p>\n<p><span style=\"color: #3366ff;\">Ehrenamtliche Hilfen<\/span><\/p>\n<p>Die Initiative <a title=\"B\u00fcrger f\u00fcr Rodenbach\" href=\"http:\/\/traegerverein-schuetzenhof.de\/?page_id=11\" target=\"_blank\" rel=\"noopener\">&#8222;B\u00fcrger f\u00fcr Rodenbach&#8220;<\/a> engagieren sich ehrenamtlich f\u00fcr Mitb\u00fcrger die Unterst\u00fctzung in schwierigen Lebenslagen brauchen. Sie<\/p>\n<ul>\n<li>\u00a0bieten Fahrdienste an z.B. Arzt \/ Krankenhaus \/ Beh\u00f6rden \/ Apotheke \/ Friedhof (Fahrpreis 0,40\u20ac pro Kilometer)<\/li>\n<li>kaufen mit Ihnen oder f\u00fcr Sie ein<\/li>\n<li>machen Besuche im Krankenhaus oder Pflegeheim<\/li>\n<li>sind Ansprechpartner im Problemfall, ob telefonisch oder pers\u00f6nlich<\/li>\n<li>helfen bei beh\u00f6rdlichen Schriftverkehr<\/li>\n<\/ul>\n","protected":false},"excerpt":{"rendered":"<p>Auch dort, wo wir selbst keine Leistungen anbieten k\u00f6nnen, helfen wir Ihnen gerne weiter: Hilfsmittel Wir beraten Sie gerne, welche technische Hilfsmittel Ihnen bei der Pflege n\u00fctzlich sind oder Ihnen helfen, zuhause weiter selbst\u00e4ndig zu sein. In der Regel stellt &hellip;<\/p>\n<p class=\"read-more\"> <a class=\"more-link\" href=\"http:\/\/diakonie-rodenbach.de\/?page_id=86\"> <span class=\"screen-reader-text\">weitere Hilfen<\/span> Weiterlesen &raquo;<\/a><\/p>\n","protected":false},"author":1,"featured_media":0,"parent":0,"menu_order":0,"comment_status":"closed","ping_status":"closed","template":"","meta":{"footnotes":""},"class_list":["post-86","page","type-page","status-publish","hentry"],"_links":{"self":[{"href":"http:\/\/diakonie-rodenbach.de\/index.php?rest_route=\/wp\/v2\/pages\/86","targetHints":{"allow":["GET"]}}],"collection":[{"href":"http:\/\/diakonie-rodenbach.de\/index.php?rest_route=\/wp\/v2\/pages"}],"about":[{"href":"http:\/\/diakonie-rodenbach.de\/index.php?rest_route=\/wp\/v2\/types\/page"}],"author":[{"embeddable":true,"href":"http:\/\/diakonie-rodenbach.de\/index.php?rest_route=\/wp\/v2\/users\/1"}],"replies":[{"embeddable":true,"href":"http:\/\/diakonie-rodenbach.de\/index.php?rest_route=%2Fwp%2Fv2%2Fcomments&post=86"}],"version-history":[{"count":7,"href":"http:\/\/diakonie-rodenbach.de\/index.php?rest_route=\/wp\/v2\/pages\/86\/revisions"}],"predecessor-version":[{"id":250,"href":"http:\/\/diakonie-rodenbach.de\/index.php?rest_route=\/wp\/v2\/pages\/86\/revisions\/250"}],"wp:attachment":[{"href":"http:\/\/diakonie-rodenbach.de\/index.php?rest_route=%2Fwp%2Fv2%2Fmedia&parent=86"}],"curies":[{"name":"wp","href":"https:\/\/api.w.org\/{rel}","templated":true}]}}