{"id":65,"date":"2013-03-09T14:30:45","date_gmt":"2013-03-09T13:30:45","guid":{"rendered":"http:\/\/diakonie-rodenbach.de\/?page_id=65"},"modified":"2016-01-08T13:15:51","modified_gmt":"2016-01-08T12:15:51","slug":"informationen","status":"publish","type":"page","link":"http:\/\/diakonie-rodenbach.de\/?page_id=65","title":{"rendered":"weitere Informationen"},"content":{"rendered":"<p>Zum Thema Pflege gibt es eine kaum noch zu \u00fcberschauende F\u00fclle<br \/>\nvon Informationen und Angeboten.<\/p>\n<p style=\"padding-left: 30px;\"><span style=\"color: #0088ff;\">Ihre Kranken- und Pflegekasse <\/span><br \/>\n<span style=\"color: #0088ff;\">ber\u00e4t Sie zu Anspr\u00fcchen und Leistungen.<\/span><\/p>\n<p>Dar\u00fcber hinaus m\u00f6chten wir Sie auf die Angebote aufmerksam machen,<br \/>\ndie in unserer Region unabh\u00e4ngig, neutral und kostenlos beraten.<\/p>\n<ul>\n<li><span style=\"color: #0088ff;\">Leitstelle f\u00fcr \u00e4ltere Mitb\u00fcrger<\/span><br \/>\n<span style=\"color: #0088ff;\"> des Main-Kinzig-Kreises<\/span><br \/>\nBarbarossastra\u00dfe 24, 63571 Gelnhausen<br \/>\nTelefon: 06051 85-16195<br \/>\nLeitung: Pia Munjic<br \/>\neMail: <a href=\"mailto:leitstelle-fuer-aeltere-buerger@kca-mkk.de\" target=\"_blank\">leitstelle-fuer-aeltere-buerger@kca-mkk.de<\/a><br \/>\nzur <a title=\"Leitstelle f\u00fcr \u00e4ltere Mitb\u00fcrger des Main-Kinzig-Kreises\" href=\"http:\/\/www.mkk.de\/cms\/de\/aemter-und-betriebe\/aemter-liste\/kca_gb_ii\/leitstelle_fuer_aeltere_buerger\/leitstelle_aeltere_buerger.html\" target=\"_blank\">Internetpr\u00e4senz<\/a><\/li>\n<\/ul>\n<ul>\n<li><span style=\"color: #0088ff;\">Pflegest\u00fctzpunkt Main-Kinzig<\/span><br \/>\nHailerer Str. 24, 63571 Gelnhausen<br \/>\nDietmar Appl<br \/>\nTel: 06051 9741-48003<br \/>\nVerena Campbell und Carola Ortlepp-Appl<br \/>\nTel: 06051 9741-48012<br \/>\nFax: 06051 9741-48158<br \/>\neMail: <a href=\"mailto:pflegestuetzpunkt@kca-mkk.de\" target=\"_blank\">pflegestuetzpunkt@kca-mkk.de<\/a><br \/>\nzur <a title=\"Pflegest\u00fctzpunkt Main-Kinzig-Kreis\" href=\"http:\/\/www.mkk.de\/cms\/de\/aemter-und-betriebe\/aemter-liste\/kca_gb_ii\/pflegestuetzpunkt\/pflegestuetzpunkt_1.html\" target=\"_blank\">Internetpr\u00e4senz<\/a><\/li>\n<\/ul>\n<ul>\n<li><span style=\"color: #0088ff;\">Seniorenberatung der Gemeinde Rodenbach<\/span><br \/>\nRathaus, Buchbergstra\u00dfe 2, 63517 Rodenbach<br \/>\nChristine Fleiner, Tel: 06184-599 36<br \/>\neMail: christine.fleiner@rodenbach.de<br \/>\nPeter Rudolph, Tel: 06184-599 22<br \/>\neMail: <a title=\"eMail Peter Rudolpf Pflegest\u00fctzpunkt MKK\" href=\"mailto:peter.rudolph@rodenbach.de\">peter.rudolph@rodenbach.de<\/a><br \/>\n<a title=\"Gemeinde Rodenbach\" href=\"http:\/\/www.rodenbach.de\/Leben-Wohnen\/Senioren\" target=\"_blank\">www.rodenbach.de<\/a><\/li>\n<\/ul>\n<ul>\n<li><span style=\"color: #0088ff;\">Hessisches Amt f\u00fcr Versorgung und Soziales Fulda<\/span><br \/>\n<span style=\"color: #0088ff;\"> Abteilung Heimaufsicht<\/span><br \/>\nPostfach 2351, 36013 Fulda<br \/>\nTelefon: 0661\/6207 &#8211; 0<br \/>\neMail: <a title=\"eMail Versorgungsamt Fulda\" href=\"mailto:postmaster@havs-ful.hessen.de\" target=\"_blank\">postmaster@havs-ful.hessen.de<\/a><br \/>\nzur <a title=\"Hessisches Amt f\u00fcr Versorgung und Soziales Fulda\" href=\"https:\/\/rp-giessen.hessen.de\/soziales\/hessische-betreuungs-pflegeaufsicht\" target=\"_blank\">Internetpr\u00e4senz<\/a><\/li>\n<\/ul>\n<ul>\n<li><a title=\"Pflege in Hessen - die Internetseite des Hessischen Sozialministeriums\" href=\"http:\/\/pflege-in-hessen.de\/\" target=\"_blank\">pflege-in-hessen.de<\/a><br \/>\ndie Internetseite des Hessischen Sozialministeriums<br \/>\ndort finden Sie interessante Informationen und Brosch\u00fcren zur Pflege<\/li>\n<\/ul>\n","protected":false},"excerpt":{"rendered":"<p>Zum Thema Pflege gibt es eine kaum noch zu \u00fcberschauende F\u00fclle von Informationen und Angeboten. Ihre Kranken- und Pflegekasse ber\u00e4t Sie zu Anspr\u00fcchen und Leistungen. Dar\u00fcber hinaus m\u00f6chten wir Sie auf die Angebote aufmerksam machen, die in unserer Region unabh\u00e4ngig, &hellip;<\/p>\n<p class=\"read-more\"> <a class=\"more-link\" href=\"http:\/\/diakonie-rodenbach.de\/?page_id=65\"> <span class=\"screen-reader-text\">weitere Informationen<\/span> Weiterlesen &raquo;<\/a><\/p>\n","protected":false},"author":1,"featured_media":0,"parent":0,"menu_order":0,"comment_status":"closed","ping_status":"closed","template":"","meta":{"footnotes":""},"class_list":["post-65","page","type-page","status-publish","hentry"],"_links":{"self":[{"href":"http:\/\/diakonie-rodenbach.de\/index.php?rest_route=\/wp\/v2\/pages\/65","targetHints":{"allow":["GET"]}}],"collection":[{"href":"http:\/\/diakonie-rodenbach.de\/index.php?rest_route=\/wp\/v2\/pages"}],"about":[{"href":"http:\/\/diakonie-rodenbach.de\/index.php?rest_route=\/wp\/v2\/types\/page"}],"author":[{"embeddable":true,"href":"http:\/\/diakonie-rodenbach.de\/index.php?rest_route=\/wp\/v2\/users\/1"}],"replies":[{"embeddable":true,"href":"http:\/\/diakonie-rodenbach.de\/index.php?rest_route=%2Fwp%2Fv2%2Fcomments&post=65"}],"version-history":[{"count":15,"href":"http:\/\/diakonie-rodenbach.de\/index.php?rest_route=\/wp\/v2\/pages\/65\/revisions"}],"predecessor-version":[{"id":208,"href":"http:\/\/diakonie-rodenbach.de\/index.php?rest_route=\/wp\/v2\/pages\/65\/revisions\/208"}],"wp:attachment":[{"href":"http:\/\/diakonie-rodenbach.de\/index.php?rest_route=%2Fwp%2Fv2%2Fmedia&parent=65"}],"curies":[{"name":"wp","href":"https:\/\/api.w.org\/{rel}","templated":true}]}}