{"id":56,"date":"2013-03-09T01:24:16","date_gmt":"2013-03-09T00:24:16","guid":{"rendered":"http:\/\/diakonie-rodenbach.de\/?page_id=56"},"modified":"2018-10-08T12:31:00","modified_gmt":"2018-10-08T11:31:00","slug":"56-2","status":"publish","type":"page","link":"http:\/\/diakonie-rodenbach.de\/?page_id=56","title":{"rendered":"Beratung"},"content":{"rendered":"<p><span style=\"font-family: trebuchet ms, geneva, sans-serif;\">Wir finden: Beratung und Vorsorge wird auch in der Pflege immer wichtiger.<\/span><br \/>\n<span style=\"font-family: trebuchet ms, geneva, sans-serif;\">Deshalb beraten wir Sie gerne zu allen Themen, die f\u00fcr Sie von Bedeutung sind.<\/span><\/p>\n<p><span style=\"font-family: trebuchet ms, geneva, sans-serif;\">Selbstverst\u00e4ndlich f\u00fchren wir f\u00fcr pflegebed\u00fcrftige Menschen,<\/span><br \/>\n<span style=\"font-family: trebuchet ms, geneva, sans-serif;\">die Pflegegeld erhalten, auch<\/span><\/p>\n<ul>\n<li><span style=\"font-family: trebuchet ms, geneva, sans-serif;\">\u00a0<span style=\"color: #0088ff;\">Beratungsgespr\u00e4che nach SGB XI Pflegeversicherung)<\/span><\/span><\/li>\n<\/ul>\n<p><span style=\"font-family: trebuchet ms, geneva, sans-serif;\">durch. Rufen Sie uns an, wir vereinbaren gerne einen Termin mit Ihnen.<\/span><\/p>\n<p><span style=\"color: #0088ff; font-family: trebuchet ms, geneva, sans-serif;\">Unsere Beratungsangebote im Einzelnen:<\/span><\/p>\n<ul>\n<li><span style=\"font-family: trebuchet ms, geneva, sans-serif;\">Gesunderhaltung der Haut<\/span><\/li>\n<\/ul>\n<ul>\n<li><span style=\"font-family: trebuchet ms, geneva, sans-serif;\">Vermeiden von Wundliegen (Dekubitus)<\/span><\/li>\n<\/ul>\n<ul>\n<li><span style=\"font-family: trebuchet ms, geneva, sans-serif;\">Hilfe beim Toilettengang, Kontinenztraining<\/span><\/li>\n<\/ul>\n<ul>\n<li><span style=\"font-family: trebuchet ms, geneva, sans-serif;\">Beweglichkeit der Gelenke<\/span><\/li>\n<\/ul>\n<ul>\n<li><span style=\"font-family: trebuchet ms, geneva, sans-serif;\">Vermeiden von Verk\u00fcrzung und Schrumpfung (Kontrakturen)<\/span><br \/>\n<span style=\"font-family: trebuchet ms, geneva, sans-serif;\">von Muskeln, B\u00e4ndern u.a.<\/span><\/li>\n<\/ul>\n<ul>\n<li><span style=\"font-family: trebuchet ms, geneva, sans-serif;\">sicher Bewegen in der Wohnung<\/span><br \/>\n<span style=\"font-family: trebuchet ms, geneva, sans-serif;\">Vermeidung von St\u00fcrzen<\/span><\/li>\n<\/ul>\n<ul>\n<li><span style=\"font-family: trebuchet ms, geneva, sans-serif;\">Umgang mit altersverwirrten Menschen (Demenzerkrankungen)<\/span><\/li>\n<\/ul>\n<ul>\n<li><span style=\"font-family: trebuchet ms, geneva, sans-serif;\">Sinnvoller Einsatz von Pflegehilfsmittel<\/span><\/li>\n<\/ul>\n<ul>\n<li><span style=\"font-family: trebuchet ms, geneva, sans-serif;\">Inanspruchnahme von Leistungen der h\u00e4uslichen Pflege<\/span><br \/>\n<span style=\"font-family: trebuchet ms, geneva, sans-serif;\">oder anderer niederschwelliger Betreuungsangebote,<\/span><br \/>\n<span style=\"font-family: trebuchet ms, geneva, sans-serif;\">der Kurzzeitpflege und der Verhinderungspflege<\/span><\/li>\n<\/ul>\n<ul>\n<li><span style=\"font-family: trebuchet ms, geneva, sans-serif;\">und weiterer Fragen &#8230;<\/span><\/li>\n<\/ul>\n","protected":false},"excerpt":{"rendered":"<p>Wir finden: Beratung und Vorsorge wird auch in der Pflege immer wichtiger. Deshalb beraten wir Sie gerne zu allen Themen, die f\u00fcr Sie von Bedeutung sind. Selbstverst\u00e4ndlich f\u00fchren wir f\u00fcr pflegebed\u00fcrftige Menschen, die Pflegegeld erhalten, auch \u00a0Beratungsgespr\u00e4che nach SGB XI &hellip;<\/p>\n<p class=\"read-more\"> <a class=\"more-link\" href=\"http:\/\/diakonie-rodenbach.de\/?page_id=56\"> <span class=\"screen-reader-text\">Beratung<\/span> Weiterlesen &raquo;<\/a><\/p>\n","protected":false},"author":1,"featured_media":0,"parent":0,"menu_order":0,"comment_status":"closed","ping_status":"closed","template":"","meta":{"footnotes":""},"class_list":["post-56","page","type-page","status-publish","hentry"],"_links":{"self":[{"href":"http:\/\/diakonie-rodenbach.de\/index.php?rest_route=\/wp\/v2\/pages\/56","targetHints":{"allow":["GET"]}}],"collection":[{"href":"http:\/\/diakonie-rodenbach.de\/index.php?rest_route=\/wp\/v2\/pages"}],"about":[{"href":"http:\/\/diakonie-rodenbach.de\/index.php?rest_route=\/wp\/v2\/types\/page"}],"author":[{"embeddable":true,"href":"http:\/\/diakonie-rodenbach.de\/index.php?rest_route=\/wp\/v2\/users\/1"}],"replies":[{"embeddable":true,"href":"http:\/\/diakonie-rodenbach.de\/index.php?rest_route=%2Fwp%2Fv2%2Fcomments&post=56"}],"version-history":[{"count":8,"href":"http:\/\/diakonie-rodenbach.de\/index.php?rest_route=\/wp\/v2\/pages\/56\/revisions"}],"predecessor-version":[{"id":356,"href":"http:\/\/diakonie-rodenbach.de\/index.php?rest_route=\/wp\/v2\/pages\/56\/revisions\/356"}],"wp:attachment":[{"href":"http:\/\/diakonie-rodenbach.de\/index.php?rest_route=%2Fwp%2Fv2%2Fmedia&parent=56"}],"curies":[{"name":"wp","href":"https:\/\/api.w.org\/{rel}","templated":true}]}}