{"id":23,"date":"2013-03-09T00:43:01","date_gmt":"2013-03-08T23:43:01","guid":{"rendered":"http:\/\/diakonie-rodenbach.de\/?page_id=23"},"modified":"2018-05-20T22:36:07","modified_gmt":"2018-05-20T21:36:07","slug":"grundpflege","status":"publish","type":"page","link":"http:\/\/diakonie-rodenbach.de\/?page_id=23","title":{"rendered":"Pflege"},"content":{"rendered":"<p>H\u00e4usliche Pflege nach dem Pflegeversicherungsgesetz SGB XI<\/p>\n<p>Wir pflegen und beraten Sie entsprechend ihren pers\u00f6nlichen Bed\u00fcrfnissen:<\/p>\n<ul>\n<li>K\u00f6rperpflege<\/li>\n<li>Versorgung bei Inkontinenz<\/li>\n<li>Mobilisation, Lagern bei Immobilit\u00e4t:<br \/>\n&#8211; bei Bewegungseinschr\u00e4nkungen<br \/>\n&#8211; L\u00e4hmungen<br \/>\n&#8211; Liegen im Bett<\/li>\n<li>Krankenbeobachtung<\/li>\n<li>Betreuungsleistungen bei Demenz gem. \u00a7 45c SGB XI.<\/li>\n<li>Beratungsbesuche bei Beziehern von Pflegegeld<\/li>\n<\/ul>\n","protected":false},"excerpt":{"rendered":"<p>H\u00e4usliche Pflege nach dem Pflegeversicherungsgesetz SGB XI Wir pflegen und beraten Sie entsprechend ihren pers\u00f6nlichen Bed\u00fcrfnissen: K\u00f6rperpflege Versorgung bei Inkontinenz Mobilisation, Lagern bei Immobilit\u00e4t: &#8211; bei Bewegungseinschr\u00e4nkungen &#8211; L\u00e4hmungen &#8211; Liegen im Bett Krankenbeobachtung Betreuungsleistungen bei Demenz gem. \u00a7 45c &hellip;<\/p>\n<p class=\"read-more\"> <a class=\"more-link\" href=\"http:\/\/diakonie-rodenbach.de\/?page_id=23\"> <span class=\"screen-reader-text\">Pflege<\/span> Weiterlesen &raquo;<\/a><\/p>\n","protected":false},"author":1,"featured_media":0,"parent":0,"menu_order":0,"comment_status":"closed","ping_status":"closed","template":"","meta":{"footnotes":""},"class_list":["post-23","page","type-page","status-publish","hentry"],"_links":{"self":[{"href":"http:\/\/diakonie-rodenbach.de\/index.php?rest_route=\/wp\/v2\/pages\/23","targetHints":{"allow":["GET"]}}],"collection":[{"href":"http:\/\/diakonie-rodenbach.de\/index.php?rest_route=\/wp\/v2\/pages"}],"about":[{"href":"http:\/\/diakonie-rodenbach.de\/index.php?rest_route=\/wp\/v2\/types\/page"}],"author":[{"embeddable":true,"href":"http:\/\/diakonie-rodenbach.de\/index.php?rest_route=\/wp\/v2\/users\/1"}],"replies":[{"embeddable":true,"href":"http:\/\/diakonie-rodenbach.de\/index.php?rest_route=%2Fwp%2Fv2%2Fcomments&post=23"}],"version-history":[{"count":4,"href":"http:\/\/diakonie-rodenbach.de\/index.php?rest_route=\/wp\/v2\/pages\/23\/revisions"}],"predecessor-version":[{"id":277,"href":"http:\/\/diakonie-rodenbach.de\/index.php?rest_route=\/wp\/v2\/pages\/23\/revisions\/277"}],"wp:attachment":[{"href":"http:\/\/diakonie-rodenbach.de\/index.php?rest_route=%2Fwp%2Fv2%2Fmedia&parent=23"}],"curies":[{"name":"wp","href":"https:\/\/api.w.org\/{rel}","templated":true}]}}