{"id":2,"date":"2013-03-08T17:14:42","date_gmt":"2013-03-08T16:14:42","guid":{"rendered":"http:\/\/diakonie-rodenbach.de\/?page_id=2"},"modified":"2013-03-09T01:18:21","modified_gmt":"2013-03-09T00:18:21","slug":"sample-page","status":"publish","type":"page","link":"http:\/\/diakonie-rodenbach.de\/?page_id=2","title":{"rendered":"Behandlungspflege"},"content":{"rendered":"<p>H\u00e4usliche Krankenpflege (vom Arzt verordnet)<\/p>\n<p>Unabh\u00e4ngig davon, ob eine Grundpflege n\u00f6tig ist, f\u00fchren unsere Pflegefachkr\u00e4fte das komplette Spektrum der \u00e4rztlich verordnete Leistungen f\u00fcr kranke Menschen durch, wie z.B.<\/p>\n<ul>\n<li>Verabreichung von Injektionen<\/li>\n<li>Wundmanagement<\/li>\n<li>Verb\u00e4nde und Wundversorgung<\/li>\n<li>Versorgung bei Stoma<\/li>\n<li>Sondennahrung und Portversorgung<\/li>\n<li>Katheterwechsel<\/li>\n<li>Versorgung von Trachealkan\u00fclen<\/li>\n<li>Medikamentengabe und -\u00fcberwachung<\/li>\n<\/ul>\n<p>sowie alle weiteren \u00e4rztlichen Verordnungen<\/p>\n","protected":false},"excerpt":{"rendered":"<p>H\u00e4usliche Krankenpflege (vom Arzt verordnet) Unabh\u00e4ngig davon, ob eine Grundpflege n\u00f6tig ist, f\u00fchren unsere Pflegefachkr\u00e4fte das komplette Spektrum der \u00e4rztlich verordnete Leistungen f\u00fcr kranke Menschen durch, wie z.B. Verabreichung von Injektionen Wundmanagement Verb\u00e4nde und Wundversorgung Versorgung bei Stoma Sondennahrung und &hellip;<\/p>\n<p class=\"read-more\"> <a class=\"more-link\" href=\"http:\/\/diakonie-rodenbach.de\/?page_id=2\"> <span class=\"screen-reader-text\">Behandlungspflege<\/span> Weiterlesen &raquo;<\/a><\/p>\n","protected":false},"author":1,"featured_media":0,"parent":0,"menu_order":0,"comment_status":"closed","ping_status":"closed","template":"","meta":{"footnotes":""},"class_list":["post-2","page","type-page","status-publish","hentry"],"_links":{"self":[{"href":"http:\/\/diakonie-rodenbach.de\/index.php?rest_route=\/wp\/v2\/pages\/2","targetHints":{"allow":["GET"]}}],"collection":[{"href":"http:\/\/diakonie-rodenbach.de\/index.php?rest_route=\/wp\/v2\/pages"}],"about":[{"href":"http:\/\/diakonie-rodenbach.de\/index.php?rest_route=\/wp\/v2\/types\/page"}],"author":[{"embeddable":true,"href":"http:\/\/diakonie-rodenbach.de\/index.php?rest_route=\/wp\/v2\/users\/1"}],"replies":[{"embeddable":true,"href":"http:\/\/diakonie-rodenbach.de\/index.php?rest_route=%2Fwp%2Fv2%2Fcomments&post=2"}],"version-history":[{"count":3,"href":"http:\/\/diakonie-rodenbach.de\/index.php?rest_route=\/wp\/v2\/pages\/2\/revisions"}],"predecessor-version":[{"id":11,"href":"http:\/\/diakonie-rodenbach.de\/index.php?rest_route=\/wp\/v2\/pages\/2\/revisions\/11"}],"wp:attachment":[{"href":"http:\/\/diakonie-rodenbach.de\/index.php?rest_route=%2Fwp%2Fv2%2Fmedia&parent=2"}],"curies":[{"name":"wp","href":"https:\/\/api.w.org\/{rel}","templated":true}]}}