{"id":113,"date":"2013-03-09T17:12:55","date_gmt":"2013-03-09T16:12:55","guid":{"rendered":"http:\/\/diakonie-rodenbach.de\/?page_id=113"},"modified":"2019-08-30T14:14:40","modified_gmt":"2019-08-30T13:14:40","slug":"113-2","status":"publish","type":"page","link":"http:\/\/diakonie-rodenbach.de\/?page_id=113","title":{"rendered":"unsere Qualit\u00e4t"},"content":{"rendered":"<p><span style=\"color: #0088ff;\">Die Qualit\u00e4t unserer Arbeit ist uns sehr wichtig.<\/span><\/p>\n<p>Wir m\u00f6chten deshalb immer auf dem aktuellen Stand<br \/>\nder pflegewissenschaftlichen Erkenntnisse sein.<\/p>\n<p>Unsere Mitarbeitenden sollen menschlich, qualifiziert und sicher<br \/>\nf\u00fcr Sie da sein und wir wollen unsere Angebote an den sich<br \/>\nver\u00e4ndernden Bed\u00fcrfnissen und Bedarfen unserer Kundinnen<br \/>\nund Kunden auszurichten<\/p>\n<p>Deshalb bilden wir unsere Mitarbeitenden stetig weiter.<br \/>\nAktuell haben wir u.a. folgende Fortbildungen durchgef\u00fchrt bzw. vorgesehen:<\/p>\n<ul>\n<li>Pflegeplanung<\/li>\n<\/ul>\n<ul>\n<li>Prophylaxen in der Pflege<\/li>\n<\/ul>\n<ul>\n<li>Hygienemanagement<\/li>\n<\/ul>\n<ul>\n<li>Praxisanleitung f\u00fcr Altenpflegesch\u00fclerinnen und -sch\u00fcler<\/li>\n<\/ul>\n<ul>\n<li>Fahrsicherheitstraining beim ADAC<\/li>\n<\/ul>\n<ul>\n<li>Erste-Hilfe (Wiederholungskurs) beim DRK<\/li>\n<\/ul>\n<p><span style=\"color: #0088ff;\">Arbeitskreis Qualit\u00e4tssicherung Ambulante Pflege<\/span><br \/>\n<span style=\"color: #0088ff;\">im Main Kinzig Kreis (AkQAP)<\/span><\/p>\n<p>Auch der regelm\u00e4\u00dfige Austausch mit anderen Pflegediensten und die gemeinsame Fortbildung ist uns wichtig. Seit vielen Jahren arbeiten wir im Arbeitskreis Qualit\u00e4tssicherung Ambulante Pflege im Main Kinzig Kreis mit. Dieser Arbeitskreis ist ein Zusammenschluss ambulanter Pflegedienste des Main-Kinzig-Kreises.<\/p>\n<p>Er hat es sich zur Aufgabe gemacht, seine Patienten und deren Angeh\u00f6rigen effektiv zu unterst\u00fctzen, zu f\u00f6rdern und zu begleiten.<\/p>\n<p>Der Arbeitskreis greift aktuelle Ver\u00e4nderungen der Rahmenbedingungen auf, informiert die \u00d6ffentlichkeit und macht sich im Interesse der Patienten und deren Angeh\u00f6rigen unter anderem gegen\u00fcber der Politik und sonstigen Organisationen stark. Weitere Informationen zum Arbeitskreis finden Sie unter <a title=\"Arbeitsreis Qualit\u00e4tssicherung in der ambulanten Pflege im Main-Kinzig-Kreis\" href=\"http:\/\/www.facebook.com\/AkQAP\" target=\"_blank\" rel=\"noopener noreferrer\">www.facebook.com\/AkQAP<\/a>.<\/p>\n<p><span style=\"color: #0088ff;\">Transparenzbericht der Pflegekassen<\/span><\/p>\n<p>Der Medizinische Dienst der Pflegekassen \u00fcberpr\u00fcft unsere Diakoniestation j\u00e4hrlich.<br \/>\nDie sehr guten Ergebnisse best\u00e4tigen uns in unserer Arbeit. Die aktuellen Transparenzberichte finden Sie hier:<\/p>\n<p>2019: <a href=\"http:\/\/diakonie-rodenbach.de\/wp-content\/uploads\/2019\/08\/MDK-Pr\u00fcfung_Transparenzbericht_2019-04-02.pdf\" target=\"_blank\" rel=\"noopener noreferrer\">Transparenzbericht vom 02.04.2019<\/a><\/p>\n<p>2018: <a href=\"http:\/\/diakonie-rodenbach.de\/wp-content\/uploads\/2018\/10\/MDK-Pr\u00fcfung_Transparenzbericht_2018-08-22.pdf\" target=\"_blank\" rel=\"noopener noreferrer\">Transparenzbericht vom 22.08.2018<\/a><\/p>\n<p>2017: <a href=\"http:\/\/diakonie-rodenbach.de\/wp-content\/uploads\/2018\/07\/MDK-Pr\u00fcfung_Transparenzbericht_2017-09-07.pdf\" target=\"_blank\" rel=\"noopener noreferrer\">Transparenzbericht vom 07.09.2017<\/a><\/p>\n<p>2016: <a href=\"http:\/\/diakonie-rodenbach.de\/wp-content\/uploads\/2018\/07\/MDK-Pr\u00fcfung_Transparenzbericht_2016-08-30.pdf\" target=\"_blank\" rel=\"noopener noreferrer\">Transparenzbereicht vom 30.08.2016<\/a><\/p>\n<p>2015: <a href=\"http:\/\/diakonie-rodenbach.de\/wp-content\/uploads\/2016\/01\/Tranzparenzbericht_MDK-Pr\u00fcfung_2015-02-18.pdf\" target=\"_blank\" rel=\"noopener noreferrer\">Transparenzbericht vom 18.02.2015<\/a><\/p>\n<p>2014: <a href=\"http:\/\/diakonie-rodenbach.de\/wp-content\/uploads\/2016\/01\/Tranzparenzbericht_MDK-Pr\u00fcfung_2014-02-24.pdf\" target=\"_blank\" rel=\"noopener noreferrer\">Transparenzbericht vom 24.02.2015<\/a><\/p>\n<p>2013: <a title=\"Pflege-Tranzparenzbericht vom 24.06.2013\" href=\"http:\/\/diakonie-rodenbach.de\/wp-content\/uploads\/2013\/10\/500640754_63517_A_130624VA15401003-000009627.pdf\" target=\"_blank\" rel=\"noopener noreferrer\">Transparenzbericht vom 24.06.2013<\/a><\/p>\n<p>2012: <a title=\"MDK-Transparenzbericht vom 24.05.2012\" href=\"http:\/\/diakonie-rodenbach.de\/wp-content\/uploads\/2013\/03\/500640754_63517_A_120524VA15401003-000007408.pdf\" target=\"_blank\" rel=\"noopener noreferrer\">Transparenzbericht vom 24.05.2012<\/a><\/p>\n<p>2011: <a title=\"MDK-Transparenzbericht vom 19.02.2011\" href=\"http:\/\/diakonie-rodenbach.de\/wp-content\/uploads\/2013\/03\/500640754_63517_A_110119VA15401003-000004371.pdf\" target=\"_blank\" rel=\"noopener noreferrer\">Transparenzbericht vom 19.02.2011<\/a><\/p>\n","protected":false},"excerpt":{"rendered":"<p>Die Qualit\u00e4t unserer Arbeit ist uns sehr wichtig. Wir m\u00f6chten deshalb immer auf dem aktuellen Stand der pflegewissenschaftlichen Erkenntnisse sein. Unsere Mitarbeitenden sollen menschlich, qualifiziert und sicher f\u00fcr Sie da sein und wir wollen unsere Angebote an den sich ver\u00e4ndernden &hellip;<\/p>\n<p class=\"read-more\"> <a class=\"more-link\" href=\"http:\/\/diakonie-rodenbach.de\/?page_id=113\"> <span class=\"screen-reader-text\">unsere Qualit\u00e4t<\/span> Weiterlesen &raquo;<\/a><\/p>\n","protected":false},"author":1,"featured_media":0,"parent":0,"menu_order":0,"comment_status":"closed","ping_status":"closed","template":"","meta":{"footnotes":""},"class_list":["post-113","page","type-page","status-publish","hentry"],"_links":{"self":[{"href":"http:\/\/diakonie-rodenbach.de\/index.php?rest_route=\/wp\/v2\/pages\/113","targetHints":{"allow":["GET"]}}],"collection":[{"href":"http:\/\/diakonie-rodenbach.de\/index.php?rest_route=\/wp\/v2\/pages"}],"about":[{"href":"http:\/\/diakonie-rodenbach.de\/index.php?rest_route=\/wp\/v2\/types\/page"}],"author":[{"embeddable":true,"href":"http:\/\/diakonie-rodenbach.de\/index.php?rest_route=\/wp\/v2\/users\/1"}],"replies":[{"embeddable":true,"href":"http:\/\/diakonie-rodenbach.de\/index.php?rest_route=%2Fwp%2Fv2%2Fcomments&post=113"}],"version-history":[{"count":20,"href":"http:\/\/diakonie-rodenbach.de\/index.php?rest_route=\/wp\/v2\/pages\/113\/revisions"}],"predecessor-version":[{"id":374,"href":"http:\/\/diakonie-rodenbach.de\/index.php?rest_route=\/wp\/v2\/pages\/113\/revisions\/374"}],"wp:attachment":[{"href":"http:\/\/diakonie-rodenbach.de\/index.php?rest_route=%2Fwp%2Fv2%2Fmedia&parent=113"}],"curies":[{"name":"wp","href":"https:\/\/api.w.org\/{rel}","templated":true}]}}